{"id":110,"date":"2016-02-18T15:10:52","date_gmt":"2016-02-18T15:10:52","guid":{"rendered":"http:\/\/flatsome.dev\/?page_id=4041"},"modified":"2022-09-05T14:17:20","modified_gmt":"2022-09-05T14:17:20","slug":"simple-corporate","status":"publish","type":"page","link":"https:\/\/www.adboivin.com\/fr\/","title":{"rendered":"Accueil"},"content":{"rendered":"<div class=\"row\"  id=\"row-2034274069\">\n\n\n\t<div id=\"col-1966275906\" class=\"col small-12 large-12\"  >\n\t\t\t\t<div class=\"col-inner text-center dark\" style=\"background-color:rgb(236, 23, 63);\" >\n\t\t\t\n\t\t\t\n\n<p><a href=\"https:\/\/trucktracks.com\/Home-s\/\"><\/p>\n<h3 class=\"lead\">New product for SUR-RON LBX and SEGWAY X260&nbsp;&nbsp;&nbsp;&nbsp;<font color=\"#000\">Learn more<\/font><br \/>\n<\/h3>\n<p><\/a><\/p>\n\n\n\t\t<\/div>\n\t\t\t\t\n<style>\n#col-1966275906 > .col-inner {\n  padding: 8px 0px 5px 0px;\n  margin: 22px 0px 0px 0px;\n}\n<\/style>\n\t<\/div>\n\n\t\n\n\n<style>\n#row-2034274069 > .col > .col-inner {\n  padding: 1px 0px 0px 0px;\n  background-color: rgb(0, 105, 157);\n}\n<\/style>\n<\/div>\n<div class=\"message-box relative dark\" style=\"padding-top:36px;padding-bottom:36px;\"><div class=\"message-box-bg-image bg-fill fill\" ><\/div><div class=\"message-box-bg-overlay bg-fill fill\" style=\"background-color:rgb(0, 0, 0);\"><\/div><div class=\"container relative\"><div class=\"inner last-reset\">\n\n<div class=\"row align-middle\"  id=\"row-1893753414\">\n\n\n\t<div id=\"col-387420135\" class=\"col medium-7 small-12 large-7\"  >\n\t\t\t\t<div class=\"col-inner\"  >\n\t\t\t\n\t\t\t\n\n<h2 class=\"uppercase\">Discover our new product<br \/>\n\u201cQuick Connect\u201d<\/h2>\n<p>4\u00d74 LIGHT VEHICLES SUCH AS: UTV, SSV, SXS AND 4\u00d74 MINI-TRUCK<\/p>\n\n\t\t<\/div>\n\t\t\t\t\t<\/div>\n\n\t\n\n\t<div id=\"col-1087349273\" class=\"col medium-5 small-12 large-5\"  >\n\t\t\t\t<div class=\"col-inner text-right\"  >\n\t\t\t\n\t\t\t\n\n<a data-animate=\"flipInY\" href=\"https:\/\/trucktracks.com\/home-i\/\" target=\"_self\" class=\"button white is-outline is-larger\"  >\n    <span>DISCOVER<\/span>\n  <\/a>\n\n\n\n\t\t<\/div>\n\t\t\t\t\t<\/div>\n\n\t\n\n<\/div>\n\n<\/div><\/div><\/div>\n\n<div class=\"slider-wrapper relative\" id=\"slider-26551152\" >\n    <div class=\"slider slider-nav-circle slider-nav-large slider-nav-light slider-style-normal\"\n        data-flickity-options='{\n            \"cellAlign\": \"center\",\n            \"imagesLoaded\": true,\n            \"lazyLoad\": 1,\n            \"freeScroll\": false,\n            \"wrapAround\": true,\n            \"autoPlay\": 6000,\n            \"pauseAutoPlayOnHover\" : true,\n            \"prevNextButtons\": true,\n            \"contain\" : true,\n            \"adaptiveHeight\" : true,\n            \"dragThreshold\" : 10,\n            \"percentPosition\": true,\n            \"pageDots\": true,\n            \"rightToLeft\": false,\n            \"draggable\": true,\n            \"selectedAttraction\": 0.1,\n            \"parallax\" : 1,\n            \"friction\": 0.6        }'\n        >\n        \n\n\n  <div class=\"banner has-hover sticky-section\" id=\"banner-586997452\">\n          <div class=\"banner-inner fill\">\n        <div class=\"banner-bg fill\" >\n            <div class=\"bg fill bg-fill \"><\/div>\n            \t<div class=\"video-overlay no-click fill\"><\/div>\n\t<div id=\"ytplayer-605\" class=\"ux-youtube fill object-fit hide-for-medium\" data-videoid=\"VebxGLsgZ_0\" data-loop=\"1\" data-audio=\"0\"><\/div>\n            <div class=\"overlay\"><\/div>            \n\t<div class=\"is-border\"\n\t\tstyle=\"border-width:0px 0px 0px 0px;\">\n\t<\/div>\n                    <\/div>\n\t\t\n        <div class=\"banner-layers container\">\n            <div class=\"fill banner-link\"><\/div>            \n\n   <div id=\"text-box-59780029\" class=\"text-box banner-layer x95 md-x95 lg-x95 y50 md-y50 lg-y50 res-text\">\n                                <div class=\"text-box-content text dark\">\n              \n              <div class=\"text-inner text-right\">\n                  \n\n<h2 class=\"uppercase\"><strong>aD Boivin Design<br \/>\n<\/strong><\/h2>\n<h3>L&rsquo;Innovation d&rsquo;abord<\/h3>\n<p><strong>L\u2019innovation et la cr\u00e9ativit\u00e9 sont le c\u0153ur et l\u2019\u00e2me de l\u2019entreprise. Cette passion \u00e0 innover constamment explique pourquoi AD Boivin Design Inc. est l\u2019un des chefs de file dans le d\u00e9veloppement et la commercialisation de syst\u00e8me de chenilles pour v\u00e9hicules motoris\u00e9s.<\/strong><\/p>\n\n              <\/div>\n           <\/div>\n                            \n<style>\n#text-box-59780029 {\n  width: 60%;\n}\n#text-box-59780029 .text-box-content {\n  font-size: 100%;\n}\n@media (min-width:550px) {\n  #text-box-59780029 {\n    width: 40%;\n  }\n}\n<\/style>\n    <\/div>\n \n\n        <\/div>\n      <\/div>\n\n            \n<style>\n#banner-586997452 {\n  padding-top: 56.25%;\n}\n#banner-586997452 .overlay {\n  background-color: rgba(0, 0, 0, 0.5);\n}\n<\/style>\n  <\/div>\n\n\n\n     <\/div>\n\n     <div class=\"loading-spin dark large centered\"><\/div>\n\n\t<\/div>\n\n\n\t<section class=\"section\" id=\"section_1653981325\">\n\t\t<div class=\"bg section-bg fill bg-fill  bg-loaded\" >\n\n\t\t\t\n\t\t\t<div class=\"section-bg-overlay absolute fill\"><\/div>\n\t\t\t\n\t<div class=\"is-border\"\n\t\tstyle=\"border-width:1px 0px 1px 0px;\">\n\t<\/div>\n\n\t\t<\/div>\n\n\t\t\n\n\t\t<div class=\"section-content relative\">\n\t\t\t\n\n<div class=\"row row-large align-middle\"  id=\"row-1329477751\">\n\n\n\t<div id=\"col-1995175419\" class=\"col medium-6 small-12 large-6\"  >\n\t\t\t\t<div class=\"col-inner\"  >\n\t\t\t\n\t\t\t\n\n\t<div class=\"img has-hover x md-x lg-x y md-y lg-y\" id=\"image_329046679\">\n\t\t<a class=\"\" href=\"http:\/\/trucktracks.com\/\" >\t\t\t\t\t\t<div class=\"img-inner box-shadow-2 dark\" >\n\t\t\t<img loading=\"lazy\" decoding=\"async\" width=\"600\" height=\"400\" src=\"https:\/\/www.adboivin.com\/wp-content\/uploads\/2017\/09\/track-N-go-wheel-driven-track-system-for-pickup-trucks-and-SUV-mattracks-camso-camoplast-soucy-american-truck-tracks-power-tracks.jpg\" class=\"attachment-large size-large\" alt=\"track N go wheel driven track system for pickup trucks and SUV mattracks camso camoplast soucy american truck tracks power tracks\" \/>\t\t\t\t\t\t\n\t\t\t\t\t<\/div>\n\t\t\t\t\t\t<\/a>\t\t\n<style>\n#image_329046679 {\n  width: 100%;\n}\n<\/style>\n\t<\/div>\n\t\n\n\n\t\t<\/div>\n\t\t\t\t\t<\/div>\n\n\t\n\n\t<div id=\"col-808347640\" class=\"col medium-6 small-12 large-6\"  >\n\t\t\t\t<div class=\"col-inner text-left\"  >\n\t\t\t\n\t\t\t\n\n<h2 class=\"uppercase\">track n go<\/h2>\n<p>Nous sommes fiers de vous pr\u00e9senter Track N go, le premier syst\u00e8me de chenilles \u00e0 installation rapide directement sur la roue des camionnettes et VUS. Cette innovation vous permettra d\u2019installer 4 chenilles sur votre v\u00e9hicule en moins de 15 minutes\u2026<\/p>\n<a href=\"http:\/\/trucktracks.com\/\" target=\"_self\" class=\"button primary\"  >\n    <span>Visitez le site<\/span>\n  <\/a>\n\n\n\n\t\t<\/div>\n\t\t\t\t\t<\/div>\n\n\t\n\n<\/div>\n\n\t\t<\/div>\n\n\t\t\n<style>\n#section_1653981325 {\n  padding-top: 60px;\n  padding-bottom: 60px;\n  background-color: rgb(193, 193, 193);\n}\n#section_1653981325 .section-bg-overlay {\n  background-color: rgba(255, 255, 255, 0.85);\n}\n<\/style>\n\t<\/section>\n\t\n<div class=\"message-box relative dark\" style=\"padding-top:36px;padding-bottom:36px;\"><div class=\"message-box-bg-image bg-fill fill\" ><\/div><div class=\"message-box-bg-overlay bg-fill fill\" style=\"background-color:rgb(74, 74, 74);\"><\/div><div class=\"container relative\"><div class=\"inner last-reset\">\n\n<div class=\"row align-middle\"  id=\"row-1353509406\">\n\n\n\t<div id=\"col-219520964\" class=\"col medium-7 small-12 large-7\"  >\n\t\t\t\t<div class=\"col-inner\"  >\n\t\t\t\n\t\t\t\n\n<h2 class=\"uppercase\">Besoin de plus d\u2019information sur nos produits?<\/h2>\n<p>Si vous avez besoin de plus d\u2019information sur nos produits, n\u2019oubliez pas de visiter les autres sites web <span data-text-color=\"primary\"><strong><a href=\"http:\/\/trucktracks.com\/en\/\">trucktracks.com<\/a><\/strong><\/span> et <span data-text-color=\"primary\"><strong><a href=\"http:\/\/explorermoto.com\/\">explorermoto.com<\/a><\/strong><\/span>. Vous pouvez aussi nous contacter au 418\u00a0838-3783 ou par notre onglet \u2018\u2019contactez-nous\u2019\u2019.<\/p>\n\n\t\t<\/div>\n\t\t\t\t\t<\/div>\n\n\t\n\n\t<div id=\"col-2084037066\" class=\"col medium-5 small-12 large-5\"  >\n\t\t\t\t<div class=\"col-inner text-right\"  >\n\t\t\t\n\t\t\t\n\n<a data-animate=\"flipInY\" href=\"http:\/\/www.adboivin.com\/contact-us\/\" target=\"_self\" class=\"button white is-outline is-larger\"  >\n    <span>contactez-nous<\/span>\n  <\/a>\n\n\n\n\t\t<\/div>\n\t\t\t\t\t<\/div>\n\n\t\n\n<\/div>\n\n<\/div><\/div><\/div>\n\t<div id=\"gap-1564078819\" class=\"gap-element clearfix\" style=\"display:block; height:auto;\">\n\t\t\n<style>\n#gap-1564078819 {\n  padding-top: 30px;\n}\n<\/style>\n\t<\/div>\n\t\n\n<div class=\"social-icons follow-icons full-width text-center\" style=\"font-size:169%\"><a href=\"https:\/\/www.facebook.com\/TrackNGo\/\" target=\"_blank\" rel=\"noopener noreferrer nofollow\" data-label=\"Facebook\" class=\"icon button circle is-outline facebook tooltip\" title=\"Nous suivre sur Facebook\" aria-label=\"Nous suivre sur Facebook\" ><i class=\"icon-facebook\" ><\/i><\/a><a href=\"https:\/\/www.youtube.com\/user\/ADBD2012\" data-label=\"YouTube\" target=\"_blank\" rel=\"noopener noreferrer nofollow\" class=\"icon button circle is-outline youtube tooltip\" title=\"Nous suivre sur Youtube\" aria-label=\"Nous suivre sur Youtube\" ><i class=\"icon-youtube\" ><\/i><\/a><\/div>\n\n<\/p>","protected":false},"excerpt":{"rendered":"","protected":false},"author":4,"featured_media":72,"parent":129,"menu_order":1,"comment_status":"closed","ping_status":"closed","template":"page-blank.php","meta":{"footnotes":""},"_links":{"self":[{"href":"https:\/\/www.adboivin.com\/fr\/wp-json\/wp\/v2\/pages\/110"}],"collection":[{"href":"https:\/\/www.adboivin.com\/fr\/wp-json\/wp\/v2\/pages"}],"about":[{"href":"https:\/\/www.adboivin.com\/fr\/wp-json\/wp\/v2\/types\/page"}],"author":[{"embeddable":true,"href":"https:\/\/www.adboivin.com\/fr\/wp-json\/wp\/v2\/users\/4"}],"replies":[{"embeddable":true,"href":"https:\/\/www.adboivin.com\/fr\/wp-json\/wp\/v2\/comments?post=110"}],"version-history":[{"count":5,"href":"https:\/\/www.adboivin.com\/fr\/wp-json\/wp\/v2\/pages\/110\/revisions"}],"predecessor-version":[{"id":1638,"href":"https:\/\/www.adboivin.com\/fr\/wp-json\/wp\/v2\/pages\/110\/revisions\/1638"}],"up":[{"embeddable":true,"href":"https:\/\/www.adboivin.com\/fr\/wp-json\/wp\/v2\/pages\/129"}],"wp:featuredmedia":[{"embeddable":true,"href":"https:\/\/www.adboivin.com\/fr\/wp-json\/wp\/v2\/media\/72"}],"wp:attachment":[{"href":"https:\/\/www.adboivin.com\/fr\/wp-json\/wp\/v2\/media?parent=110"}],"curies":[{"name":"wp","href":"https:\/\/api.w.org\/{rel}","templated":true}]}}