{"id":13,"date":"2008-09-11T19:20:11","date_gmt":"2008-09-12T00:20:11","guid":{"rendered":"http:\/\/dev.danphilibin.com\/wordpress\/?page_id=30"},"modified":"2017-09-20T12:56:06","modified_gmt":"2017-09-20T12:56:06","slug":"our-company","status":"publish","type":"page","link":"https:\/\/www.adboivin.com\/fr\/our-company\/","title":{"rendered":"La compagnie AD Boivin"},"content":{"rendered":"<div class=\"banner has-hover has-parallax\" id=\"banner-256354464\">\n          <div class=\"banner-inner fill\">\n        <div class=\"banner-bg fill\" data-parallax=\"-2\" data-parallax-container=\".banner\" data-parallax-background>\n            <div class=\"bg fill bg-fill \"><\/div>\n                        <div class=\"overlay\"><\/div>            \n                    <\/div>\n\t\t\n        <div class=\"banner-layers container\">\n            <div class=\"fill banner-link\"><\/div>            \n   <div id=\"text-box-1504375357\" class=\"text-box banner-layer x50 md-x50 lg-x50 y50 md-y50 lg-y50 res-text\">\n                                <div class=\"text-box-content text dark\">\n              \n              <div class=\"text-inner text-center\">\n                  \n<h3 class=\"uppercase\"><strong>\u00e0 propos<br \/>\n<\/strong><\/h3>\n<p>notre histoire<\/p>\n<div class=\"is-divider divider clearfix\" style=\"max-width:67px;height:5px;\"><\/div>\n              <\/div>\n           <\/div>\n                            \n<style>\n#text-box-1504375357 {\n  width: 60%;\n}\n#text-box-1504375357 .text-box-content {\n  font-size: 100%;\n}\n<\/style>\n    <\/div>\n \n        <\/div>\n      <\/div>\n\n              <div class=\"height-fix is-invisible\"><img loading=\"lazy\" decoding=\"async\" width=\"862\" height=\"281\" src=\"https:\/\/www.adboivin.com\/wp-content\/uploads\/2017\/05\/mechanical_engineer_banner.jpg\" class=\"attachment-orginal size-orginal\" alt=\"mechanical_engineer_banner\" srcset=\"https:\/\/www.adboivin.com\/wp-content\/uploads\/2017\/05\/mechanical_engineer_banner.jpg 862w, https:\/\/www.adboivin.com\/wp-content\/uploads\/2017\/05\/mechanical_engineer_banner-800x261.jpg 800w, https:\/\/www.adboivin.com\/wp-content\/uploads\/2017\/05\/mechanical_engineer_banner-768x250.jpg 768w\" sizes=\"(max-width: 862px) 100vw, 862px\" \/><\/div>\n            \n<style>\n#banner-256354464 .bg.bg-loaded {\n  background-image: url(https:\/\/www.adboivin.com\/wp-content\/uploads\/2017\/05\/mechanical_engineer_banner.jpg);\n}\n#banner-256354464 .overlay {\n  background-color: rgba(0,0,0,.5);\n}\n#banner-256354464 .bg {\n  background-position: 27% 70%;\n}\n<\/style>\n  <\/div>\n\n\n<div class=\"container section-title-container\" ><h3 class=\"section-title section-title-center\"><b><\/b><span class=\"section-title-main\" >la compagnie<\/span><b><\/b><\/h3><\/div>\n<p><strong>AD Boivin Inc<\/strong>.<\/p>\n<p>est une compagnie qui con\u00e7oit, d\u00e9veloppe, manufacture et commercialise des produits destin\u00e9s au march\u00e9 des sports motoris\u00e9s et v\u00e9hicules utilitaires sur neige.<\/p>\n<p>Fond\u00e9e en 1995, l\u2019entreprise s\u2019est fait conna\u00eetre avec le d\u00e9veloppement et la commercialisation de kits et de syst\u00e8mes de suspension haute de gamme pour la motoneige avec entre autres les produits <strong>ETS (Energy Transfer System)<\/strong> et la suspension Expert X.<\/p>\n<p>En 2001, AD Boivin est devenu le 5e manufacturier mondial de motoneige en mettant sur le march\u00e9 la vraie motoneige le <strong>SnowHawk<\/strong>. \u00c0 ce jour, au-del\u00e0 de 1000 unit\u00e9s ont \u00e9t\u00e9 vendues \u00e0 travers le monde. En 2008, la r\u00e9cession mondiale\u00a0les a amen\u00e9 \u00e0 d\u00e9velopper le syst\u00e8me de chenille pour moto Explorer, un produit plus abordable, offrant tout le plaisir que peut procurer la moto sur neige. Le succ\u00e8s commercial de <strong>l\u2019Explorer <\/strong>a pris la rel\u00e8ve du SnowHawk dont la production s\u2019est termin\u00e9e en 2008. La division <strong>SnowHawk <\/strong>a \u00e9t\u00e9 vendue \u00e0 Moto MST en mai 2011 pour assurer la fourniture de pi\u00e8ces aux clients.<\/p>\n<p>Parall\u00e8ment \u00e0 la commercialisation du SnowHawk, AD Boivin a \u00e9t\u00e9 un joueur important dans le march\u00e9 des chenilles pour VTT avec le d\u00e9veloppement des syst\u00e8mes brevet\u00e9s Traxion Plus et Giant. Commercialis\u00e9s de 2002 \u00e0 2006, ces syst\u00e8mes de chenilles pour VTT ont \u00e9t\u00e9 utilis\u00e9s \u00e0 travers le monde. La division des chenilles VTT a \u00e9t\u00e9 vendue en 2006 \u00e0 Camoplast Solideal.<\/p>\n<p>Toujours reconnue comme une entreprise innovatrice, AD Boivin a lanc\u00e9 en 2008 la premi\u00e8re suspension de motoneige en mat\u00e9riaux composite la plus l\u00e9g\u00e8re sur le march\u00e9 : la <strong>ZX2<\/strong>. Un concept r\u00e9volutionnaire et unique dans lequel fut int\u00e9gr\u00e9 l\u2019amortisseur <strong>G-Force<\/strong> une technologie \u00ab Positon Sensitive Damper \u00bb brevet\u00e9e par AD Boivin. La <strong>ZX2 <\/strong>se retrouve aujourd\u2019hui sur des centaines de motoneiges \u00e0 travers le monde.<\/p>\n<p>Dans le but de diversifier ses op\u00e9rations, l\u2019entreprise d\u00e9cide en 2010 de s\u2019attaquer au march\u00e9 utilitaire en mettant \u00e0 profit ses ann\u00e9es d\u2019expertises dans le domaine des v\u00e9hicules r\u00e9cr\u00e9atifs chenill\u00e9s. L\u2019entreprise con\u00e7oit et d\u00e9veloppe un syst\u00e8me de chenilles r\u00e9volutionnaire pour les v\u00e9hicules 4&#215;4 qui sera le premier \u00e0 amalgamer une roue \u00e0 une chenille. Ce concept permettra d\u2019installer en quelques minutes les chenilles \u00e0 un v\u00e9hicule 4&#215;4 et ainsi devenir un nouvel outil indispensable pour des applications industrielles diversifi\u00e9es, et ce \u00e0 travers tous les pays nordiques. Sous le nom de<strong> TRACK N GO<\/strong>, le produit est commercialis\u00e9 depuis 2013.<\/p>\n<p>Et l\u2019innovation se poursuit &#8230;","protected":false},"excerpt":{"rendered":"<p>AD Boivin Inc. est une compagnie qui con\u00e7oit, d\u00e9veloppe, manufacture et commercialise des produits destin\u00e9s au march\u00e9 des sports motoris\u00e9s et v\u00e9hicules utilitaires sur neige. Fond\u00e9e en 1995, l\u2019entreprise s\u2019est fait conna\u00eetre avec le d\u00e9veloppement et la commercialisation de kits et de syst\u00e8mes de suspension haute de gamme pour la motoneige avec entre autres les [&#8230;]\n","protected":false},"author":4,"featured_media":0,"parent":0,"menu_order":0,"comment_status":"closed","ping_status":"closed","template":"","meta":{"footnotes":""},"_links":{"self":[{"href":"https:\/\/www.adboivin.com\/fr\/wp-json\/wp\/v2\/pages\/13"}],"collection":[{"href":"https:\/\/www.adboivin.com\/fr\/wp-json\/wp\/v2\/pages"}],"about":[{"href":"https:\/\/www.adboivin.com\/fr\/wp-json\/wp\/v2\/types\/page"}],"author":[{"embeddable":true,"href":"https:\/\/www.adboivin.com\/fr\/wp-json\/wp\/v2\/users\/4"}],"replies":[{"embeddable":true,"href":"https:\/\/www.adboivin.com\/fr\/wp-json\/wp\/v2\/comments?post=13"}],"version-history":[{"count":2,"href":"https:\/\/www.adboivin.com\/fr\/wp-json\/wp\/v2\/pages\/13\/revisions"}],"predecessor-version":[{"id":930,"href":"https:\/\/www.adboivin.com\/fr\/wp-json\/wp\/v2\/pages\/13\/revisions\/930"}],"wp:attachment":[{"href":"https:\/\/www.adboivin.com\/fr\/wp-json\/wp\/v2\/media?parent=13"}],"curies":[{"name":"wp","href":"https:\/\/api.w.org\/{rel}","templated":true}]}}